{"id":101,"date":"2018-03-05T14:26:15","date_gmt":"2018-03-05T14:26:15","guid":{"rendered":"https:\/\/www.mentermon.com\/?page_id=101"},"modified":"2025-05-30T13:59:18","modified_gmt":"2025-05-30T12:59:18","slug":"cysylltu","status":"publish","type":"page","link":"https:\/\/www.mentermon.com\/en\/cysylltu\/","title":{"rendered":"Get in touch"},"content":{"rendered":"<p><span class=\"bigger\">Menter M\u00f4n, Llangefni<br \/>\nAnn Parry 01248 725 700<\/span><br \/>\nMenter M\u00f4n Cyf, Neuadd Y Dref Llangefni, Sgwar Bulkeley, Llangefni, Ynys M\u00f4n LL77 7LR<\/p>\n<p>&nbsp;<\/p>\n<p><span class=\"bigger\">Menter M\u00f4n, Porthmadog<br \/>\nBetsan Siencyn 01248 858 845<\/span><br \/>\nMenter M\u00f4n Cyf, 144 Stryd Fawr, Porthmadog, Gwynedd LL49 9NU<\/p>\n","protected":false},"excerpt":{"rendered":"<p>Menter M\u00f4n, Llangefni Ann Parry 01248 725 700 Menter M\u00f4n Cyf, Neuadd Y Dref Llangefni, Sgwar Bulkeley, Llangefni, Ynys M\u00f4n LL77 7LR &nbsp; Menter M\u00f4n, Porthmadog Betsan Siencyn 01248 858 845 Menter M\u00f4n Cyf, 144 Stryd Fawr, Porthmadog, Gwynedd LL49 9NU<\/p>\n","protected":false},"author":3,"featured_media":0,"parent":0,"menu_order":0,"comment_status":"closed","ping_status":"closed","template":"page-contact.php","meta":{"_acf_changed":false,"jetpack_post_was_ever_published":false,"footnotes":"","_links_to":"","_links_to_target":""},"class_list":["post-101","page","type-page","status-publish","hentry"],"acf":[],"jetpack_sharing_enabled":true,"jetpack_shortlink":"https:\/\/wp.me\/P9G0V6-1D","_links":{"self":[{"href":"https:\/\/www.mentermon.com\/en\/wp-json\/wp\/v2\/pages\/101","targetHints":{"allow":["GET"]}}],"collection":[{"href":"https:\/\/www.mentermon.com\/en\/wp-json\/wp\/v2\/pages"}],"about":[{"href":"https:\/\/www.mentermon.com\/en\/wp-json\/wp\/v2\/types\/page"}],"author":[{"embeddable":true,"href":"https:\/\/www.mentermon.com\/en\/wp-json\/wp\/v2\/users\/3"}],"replies":[{"embeddable":true,"href":"https:\/\/www.mentermon.com\/en\/wp-json\/wp\/v2\/comments?post=101"}],"version-history":[{"count":6,"href":"https:\/\/www.mentermon.com\/en\/wp-json\/wp\/v2\/pages\/101\/revisions"}],"predecessor-version":[{"id":3536,"href":"https:\/\/www.mentermon.com\/en\/wp-json\/wp\/v2\/pages\/101\/revisions\/3536"}],"wp:attachment":[{"href":"https:\/\/www.mentermon.com\/en\/wp-json\/wp\/v2\/media?parent=101"}],"curies":[{"name":"wp","href":"https:\/\/api.w.org\/{rel}","templated":true}]}}