{"id":2425,"date":"2023-10-09T16:55:18","date_gmt":"2023-10-09T15:55:18","guid":{"rendered":"https:\/\/www.mentermon.com\/?page_id=2425"},"modified":"2025-01-24T12:42:06","modified_gmt":"2025-01-24T12:42:06","slug":"cronfa-partneriaeth-fwyd-ynys-mon","status":"publish","type":"page","link":"https:\/\/www.mentermon.com\/en\/cronfa-partneriaeth-fwyd-ynys-mon\/","title":{"rendered":"Ynys M\u00f4n Food Partnership Fund"},"content":{"rendered":"<p>Menter M\u00f4n, on behalf of Anglesey County Council, has established the Ynys M\u00f4n Food Partnership to give a strategic focus to all food activities within the county and to work towards the goals within the <a href=\"https:\/\/www.mentermon.com\/wp-content\/uploads\/2023\/10\/Siarter-Fwyd-Gwynedd-Ynys-Mon-Food-Charter.docx\">food charter<\/a>\u00a0as well as working towards strategic plans within the authority. As part of this work, we have announced the Ynys M\u00f4n Food Partnership Fund, which is dedicated to supporting innovative projects aimed at addressing critical challenges in the food industry within Ynys M\u00f4n regions. We invite applications from a diverse range of projects that contribute to the sustainable and equitable growth of the food sector in these areas.<\/p>\n<p>To apply, read the <a href=\"https:\/\/www.mentermon.com\/wp-content\/uploads\/2025\/01\/Cronfa-Partneriaeth-Fwyd-Ynys-Mon-FAQ-Anglesey-Food-Partnership-Fund-2024-2025.pdf\">FAQs document<\/a> then complete the application form below, providing detailed information about your project, its objectives, and expected results. Be sure to include any additional information that may help assess the potential impact of your project.<\/p>\n<p style=\"text-align: center;\"><span style=\"color: #000000;\"><strong>Application Form-<\/strong><\/span><\/p>\n<p style=\"text-align: center;\"><iframe loading=\"lazy\" style=\"border: none; max-width: 100%; max-height: 100vh;\" src=\"https:\/\/forms.office.com\/Pages\/ResponsePage.aspx?id=847zNnlo-E2m0Dz5KX8G-Gng-GXEHBJJm_NXEDT6IxlUQzdIOUtTWThTWklJWk1RWUQ2UVBGWTZIVC4u&amp;embed=true\" width=\"640px\" height=\"480px\" frameborder=\"0\" marginwidth=\"0\" marginheight=\"0\" allowfullscreen=\"allowfullscreen\"> <\/iframe><\/p>\n<p style=\"text-align: center;\"><strong>For further assistance, please contact <a class=\"Hyperlink SCXW72413829 BCX0\" href=\"mailto:Dafydd.jones@mentermon.com\" target=\"_blank\" rel=\"noreferrer noopener\"><span class=\"TextRun Underlined SCXW72413829 BCX0\" lang=\"CY-GB\" xml:lang=\"CY-GB\" data-contrast=\"none\"><span class=\"NormalTextRun SCXW72413829 BCX0\" data-ccp-charstyle=\"Hyperlink\">bwyd<\/span><span class=\"NormalTextRun SCXW72413829 BCX0\" data-ccp-charstyle=\"Hyperlink\">@mentermon.com<\/span><\/span><\/a><span class=\"TextRun SCXW72413829 BCX0\" lang=\"CY-GB\" xml:lang=\"CY-GB\" data-contrast=\"auto\"><span class=\"NormalTextRun SCXW72413829 BCX0\">\u00a0\/<\/span><span class=\"NormalTextRun SCXW72413829 BCX0\">\u00a0<\/span><span class=\"NormalTextRun SCXW72413829 BCX0\">01248 725 700<\/span><\/span><\/strong><\/p>\n<p style=\"text-align: center;\"><strong>Closing date- 13:00 28\/02\/2025<br \/>\n<\/strong><\/p>\n<p style=\"text-align: center;\">\n<p><\/p>","protected":false},"excerpt":{"rendered":"<p>Menter M\u00f4n, on behalf of Anglesey County Council, has established the Ynys M\u00f4n Food Partnership to give a strategic focus to all food activities within the county and to work towards the goals within the food charter\u00a0as well as working towards strategic plans within the authority. As part of this work, we have announced the [&hellip;]<\/p>\n","protected":false},"author":4,"featured_media":0,"parent":0,"menu_order":0,"comment_status":"closed","ping_status":"closed","template":"","meta":{"_acf_changed":false,"jetpack_post_was_ever_published":false,"footnotes":"","_links_to":"","_links_to_target":""},"class_list":["post-2425","page","type-page","status-publish","hentry"],"acf":[],"jetpack_sharing_enabled":true,"jetpack_shortlink":"https:\/\/wp.me\/P9G0V6-D7","_links":{"self":[{"href":"https:\/\/www.mentermon.com\/en\/wp-json\/wp\/v2\/pages\/2425","targetHints":{"allow":["GET"]}}],"collection":[{"href":"https:\/\/www.mentermon.com\/en\/wp-json\/wp\/v2\/pages"}],"about":[{"href":"https:\/\/www.mentermon.com\/en\/wp-json\/wp\/v2\/types\/page"}],"author":[{"embeddable":true,"href":"https:\/\/www.mentermon.com\/en\/wp-json\/wp\/v2\/users\/4"}],"replies":[{"embeddable":true,"href":"https:\/\/www.mentermon.com\/en\/wp-json\/wp\/v2\/comments?post=2425"}],"version-history":[{"count":20,"href":"https:\/\/www.mentermon.com\/en\/wp-json\/wp\/v2\/pages\/2425\/revisions"}],"predecessor-version":[{"id":3285,"href":"https:\/\/www.mentermon.com\/en\/wp-json\/wp\/v2\/pages\/2425\/revisions\/3285"}],"wp:attachment":[{"href":"https:\/\/www.mentermon.com\/en\/wp-json\/wp\/v2\/media?parent=2425"}],"curies":[{"name":"wp","href":"https:\/\/api.w.org\/{rel}","templated":true}]}}